{"id":1835,"date":"2026-02-16T12:18:21","date_gmt":"2026-02-16T11:18:21","guid":{"rendered":"https:\/\/amicale-citroen-pologne.org\/?page_id=1835"},"modified":"2026-02-24T19:33:11","modified_gmt":"2026-02-24T18:33:11","slug":"zapisz-sie-na-zlot-2","status":"publish","type":"page","link":"https:\/\/amicale-citroen-pologne.org\/?page_id=1835","title":{"rendered":"VI Rendez Vous \u2013 Zlot Klasycznych Citro\u00ebn\u00f3w"},"content":{"rendered":"\n<p><\/p>\n\n\n\n<p><strong>VI Rendez Vous \u2013 Zlot Klasycznych Citro\u00ebn\u00f3w<\/strong><\/p>\n\n\n\n<p>Uwaga mi\u0142o\u015bnicy hydropneumatyki, chrom\u00f3w i francuskiej finezji!&nbsp;<\/p>\n\n\n\n<p>Pakujcie berety, grzejcie polerki i najlepsze historie z trasy \u2013 przed nami najbardziej \u201eOdLOTowe\u201d spotkanie roku!<\/p>\n\n\n\n<p>&nbsp;<strong>VI Rendez Vous&nbsp;<\/strong><\/p>\n\n\n\n<p>Gdzie? <strong>Arche Fabryka Samolot\u00f3w Mielno \u2028<\/strong><br>Kiedy? <strong>4\u20137 czerwca 2026 r.<\/strong><\/p>\n\n\n\n<p>Koszt: 1550z\u0142\/ osoba doros\u0142a<\/p>\n\n\n\n<p>&nbsp; &nbsp; &nbsp; &nbsp; &nbsp; &nbsp; 1100z\u0142\/ dziecko do lat 8&nbsp;<\/p>\n\n\n\n<p>&nbsp; &nbsp; &nbsp; &nbsp; &nbsp; &nbsp; &nbsp;Dzieci do lat 3 bezp\u0142atnie&nbsp;<\/p>\n\n\n\n<p>(Cena obejmuje, noclegi, pe\u0142ne wy\u017cywienie, atrakcje w trakcie trwania zlotu, koszulki, tablice zlotowe, pakiet startowy)<\/p>\n\n\n\n<p>Spotykamy si\u0119 w miejscu, gdzie kiedy\u015b powstawa\u0142y samoloty, a teraz wyl\u0105duj\u0105 najpi\u0119kniejsze klasyczne Citro\u00ebny. <br>Bo przecie\u017c niekt\u00f3re z nich i tak bardziej lec\u0105 ni\u017c jad\u0105&nbsp;<\/p>\n\n\n\n<p>W planie mi\u0119dzy innymi:\u2028<br>Wystawa naszych motoryzacyjnych dzie\u0142 sztuki na deptaku w Mielno \u2013 przygotujcie aparaty i cierpliwo\u015b\u0107 do odpowiadania na pytanie: \u201eA co to za model?\u201d\u2028 &nbsp;<br>Wsp\u00f3lne rozmowy do p\u00f3\u017ana (o LHM, ga\u017anikach i \u201etej jednej \u015brubce\u201d)\u2028 &nbsp;<br>Nadmorski klimat, integracja i du\u017co u\u015bmiechu\u2028 &nbsp;<br>Wielki fina\u0142 \u2013 tradycyjnie ju\u017c przebierany &#8211; <strong>OdLOTowy Bal<\/strong>, podczas kt\u00f3rego zawieszenie b\u0119dzie mi\u0119kkie, parkiet rozgrzany, a humor podsycony turbulencjami! <br>Amicale Citroen Airlines ch\u0119tnie przywita: lotnik\u00f3w, pilot\u00f3w, stewardessy, kontroler\u00f3w ruchu, mechanik\u00f3w, awionik\u00f3w i inny personel lotniczy!&nbsp;<\/p>\n\n\n\n<p>To wydarzenie dla tych, kt\u00f3rzy wiedz\u0105, \u017ce Citro\u00ebn to nie tylko samoch\u00f3d \u2013 to styl \u017cycia, filozofia i czasem odrobina kontrolowanego szale\u0144stwa.<\/p>\n\n\n\n<p>Niech klasyka zn\u00f3w zachwyci deptak!\u2028<br><br>Do zobaczenia na VI Rendez Vous!&nbsp;<br>Szczeg\u00f3\u0142owy program ju\u017c wkr\u00f3tce <\/p>\n\n\n\n<p>Pytania i szczeg\u00f3\u0142y &#8211; Magda tel. <a href=\"undefined\" title=\"tel\">793476702<\/a><\/p>\n\n\n<style id=\"wpforms-css-vars-1620\">\n\t\t\t\t#wpforms-1620 {\n\t\t\t\t--wpforms-container-padding: 0px;\n--wpforms-container-border-width: 1px;\n--wpforms-container-border-radius: 3px;\n--wpforms-background-color: rgba(0, 0, 0, 0);\n--wpforms-field-size-input-height: 43px;\n--wpforms-field-size-input-spacing: 15px;\n--wpforms-field-size-font-size: 16px;\n--wpforms-field-size-line-height: 19px;\n--wpforms-field-size-padding-h: 14px;\n--wpforms-field-size-checkbox-size: 16px;\n--wpforms-field-size-sublabel-spacing: 5px;\n--wpforms-field-size-icon-size: 1;\n--wpforms-label-size-font-size: 16px;\n--wpforms-label-size-line-height: 19px;\n--wpforms-label-size-sublabel-font-size: 14px;\n--wpforms-label-size-sublabel-line-height: 17px;\n--wpforms-button-size-font-size: 17px;\n--wpforms-button-size-height: 41px;\n--wpforms-button-size-padding-h: 15px;\n--wpforms-button-size-margin-top: 10px;\n--wpforms-container-shadow-size-box-shadow: none;\n\t\t\t}\n\t\t\t<\/style><div class=\"wpforms-container wpforms-container-full wpforms-render-modern\" id=\"wpforms-1620\"><form id=\"wpforms-form-1620\" class=\"wpforms-validate wpforms-form wpforms-ajax-form\" data-formid=\"1620\" method=\"post\" enctype=\"multipart\/form-data\" action=\"\/index.php?rest_route=%2Fwp%2Fv2%2Fpages%2F1835\" data-token=\"5a37f68e4dad12e2566e705e7f1f59db\" data-token-time=\"1776475748\"><noscript class=\"wpforms-error-noscript\">Aby wype\u0142ni\u0107 ten formularz, w\u0142\u0105cz obs\u0142ug\u0119 JavaScript w przegl\u0105darce.<\/noscript><div id=\"wpforms-error-noscript\" style=\"display: none;\">Aby wype\u0142ni\u0107 ten formularz, w\u0142\u0105cz obs\u0142ug\u0119 JavaScript w przegl\u0105darce.<\/div><div class=\"wpforms-field-container\"><div id=\"wpforms-1620-field_1-container\" class=\"wpforms-field wpforms-field-name\" data-field-id=\"1\"><fieldset><legend class=\"wpforms-field-label\">Kierowca <span class=\"wpforms-required-label\" aria-hidden=\"true\">*<\/span><\/legend><div class=\"wpforms-field-row wpforms-field-large\"><div class=\"wpforms-field-row-block wpforms-first wpforms-one-half\"><input type=\"text\" id=\"wpforms-1620-field_1\" class=\"wpforms-field-name-first wpforms-field-required\" name=\"wpforms[fields][1][first]\" aria-errormessage=\"wpforms-1620-field_1-error\" required><label for=\"wpforms-1620-field_1\" class=\"wpforms-field-sublabel after\">Pierwszy<\/label><\/div><div class=\"wpforms-field-row-block wpforms-one-half\"><input type=\"text\" id=\"wpforms-1620-field_1-last\" class=\"wpforms-field-name-last wpforms-field-required\" name=\"wpforms[fields][1][last]\" aria-errormessage=\"wpforms-1620-field_1-last-error\" required><label for=\"wpforms-1620-field_1-last\" class=\"wpforms-field-sublabel after\">Ostatni<\/label><\/div><\/div><\/fieldset><\/div><div id=\"wpforms-1620-field_2-container\" class=\"wpforms-field wpforms-field-name\" data-field-id=\"2\"><fieldset><legend class=\"wpforms-field-label\">Pasa\u017cer <\/legend><div class=\"wpforms-field-row wpforms-field-large\"><div class=\"wpforms-field-row-block wpforms-first wpforms-one-half\"><input type=\"text\" id=\"wpforms-1620-field_2\" class=\"wpforms-field-name-first\" name=\"wpforms[fields][2][first]\" aria-errormessage=\"wpforms-1620-field_2-error\" ><label for=\"wpforms-1620-field_2\" class=\"wpforms-field-sublabel after\">Pierwszy<\/label><\/div><div class=\"wpforms-field-row-block wpforms-one-half\"><input type=\"text\" id=\"wpforms-1620-field_2-last\" class=\"wpforms-field-name-last\" name=\"wpforms[fields][2][last]\" aria-errormessage=\"wpforms-1620-field_2-last-error\" ><label for=\"wpforms-1620-field_2-last\" class=\"wpforms-field-sublabel after\">Ostatni<\/label><\/div><\/div><\/fieldset><\/div><div id=\"wpforms-1620-field_3-container\" class=\"wpforms-field wpforms-field-name\" data-field-id=\"3\"><fieldset><legend class=\"wpforms-field-label\">Reszta za\u0142ogi (je\u015bli s\u0105 dodatkowe osoby) <\/legend><div class=\"wpforms-field-row wpforms-field-large\"><div class=\"wpforms-field-row-block wpforms-first wpforms-one-half\"><input type=\"text\" id=\"wpforms-1620-field_3\" class=\"wpforms-field-name-first\" name=\"wpforms[fields][3][first]\" aria-errormessage=\"wpforms-1620-field_3-error\" ><label for=\"wpforms-1620-field_3\" class=\"wpforms-field-sublabel after\">Pierwszy<\/label><\/div><div class=\"wpforms-field-row-block wpforms-one-half\"><input type=\"text\" id=\"wpforms-1620-field_3-last\" class=\"wpforms-field-name-last\" name=\"wpforms[fields][3][last]\" aria-errormessage=\"wpforms-1620-field_3-last-error\" ><label for=\"wpforms-1620-field_3-last\" class=\"wpforms-field-sublabel after\">Ostatni<\/label><\/div><\/div><\/fieldset><\/div><div id=\"wpforms-1620-field_6-container\" class=\"wpforms-field wpforms-field-select wpforms-field-select-style-modern\" data-field-id=\"6\"><label class=\"wpforms-field-label\" for=\"wpforms-1620-field_6\">Dzieci do lat 8 <span class=\"wpforms-required-label\" aria-hidden=\"true\">*<\/span><\/label><select id=\"wpforms-1620-field_6\" class=\"wpforms-field-large wpforms-field-required choicesjs-select\" data-size-class=\"wpforms-field-row wpforms-field-large\" data-search-enabled=\"\" name=\"wpforms[fields][6]\" required=\"required\"><option value=\"\" class=\"placeholder\" disabled  selected='selected'><\/option><option value=\"0\"  class=\"choice-1 depth-1\"  >0<\/option><option value=\"1\"  class=\"choice-2 depth-1\"  >1<\/option><option value=\"2\"  class=\"choice-3 depth-1\"  >2<\/option><option value=\"3\"  class=\"choice-4 depth-1\"  >3<\/option><\/select><\/div><div id=\"wpforms-1620-field_7-container\" class=\"wpforms-field wpforms-field-name\" data-field-id=\"7\"><label class=\"wpforms-field-label\" for=\"wpforms-1620-field_7\">\u0141\u0105czna liczba os\u00f3b  <span class=\"wpforms-required-label\" aria-hidden=\"true\">*<\/span><\/label><input type=\"text\" id=\"wpforms-1620-field_7\" class=\"wpforms-field-large wpforms-field-required\" name=\"wpforms[fields][7]\" aria-errormessage=\"wpforms-1620-field_7-error\" required><\/div><div id=\"wpforms-1620-field_8-container\" class=\"wpforms-field wpforms-field-name\" data-field-id=\"8\"><label class=\"wpforms-field-label\" for=\"wpforms-1620-field_8\">Miejscowo\u015b\u0107, z kt\u00f3rej wyruszasz  <span class=\"wpforms-required-label\" aria-hidden=\"true\">*<\/span><\/label><input type=\"text\" id=\"wpforms-1620-field_8\" class=\"wpforms-field-large wpforms-field-required\" name=\"wpforms[fields][8]\" aria-errormessage=\"wpforms-1620-field_8-error\" required><\/div><div id=\"wpforms-1620-field_9-container\" class=\"wpforms-field wpforms-field-number\" data-field-id=\"9\"><label class=\"wpforms-field-label\" for=\"wpforms-1620-field_9\">Numer telefonu kontaktowego <span class=\"wpforms-required-label\" aria-hidden=\"true\">*<\/span><\/label><input type=\"number\" id=\"wpforms-1620-field_9\" class=\"wpforms-field-large wpforms-field-required\" name=\"wpforms[fields][9]\" step=\"any\" aria-errormessage=\"wpforms-1620-field_9-error\" required><\/div><div id=\"wpforms-1620-field_10-container\" class=\"wpforms-field wpforms-field-email\" data-field-id=\"10\"><label class=\"wpforms-field-label\" for=\"wpforms-1620-field_10\">Adres e-mail <span class=\"wpforms-required-label\" aria-hidden=\"true\">*<\/span><\/label><input type=\"email\" id=\"wpforms-1620-field_10\" class=\"wpforms-field-medium wpforms-field-required\" name=\"wpforms[fields][10]\" spellcheck=\"false\" aria-errormessage=\"wpforms-1620-field_10-error\" required><\/div><div id=\"wpforms-1620-field_11-container\" class=\"wpforms-field wpforms-field-name\" data-field-id=\"11\"><label class=\"wpforms-field-label\" for=\"wpforms-1620-field_11\">Samoch\u00f3d  <span class=\"wpforms-required-label\" aria-hidden=\"true\">*<\/span><\/label><input type=\"text\" id=\"wpforms-1620-field_11\" class=\"wpforms-field-large wpforms-field-required\" name=\"wpforms[fields][11]\" aria-errormessage=\"wpforms-1620-field_11-error\" aria-describedby=\"wpforms-1620-field_11-description\" required><div id=\"wpforms-1620-field_11-description\" class=\"wpforms-field-description\">marka | model | rok produkcji | nr rejestracyjny <\/div><\/div><div id=\"wpforms-1620-field_13-container\" class=\"wpforms-field wpforms-field-name\" data-field-id=\"13\"><label class=\"wpforms-field-label\" for=\"wpforms-1620-field_13\">Rozmiar koszulki (w przypadku wi\u0119kszej ilo\u015bci os\u00f3b, prosze o podanie rozmiaru ka\u017cdego uczestnika) <span class=\"wpforms-required-label\" aria-hidden=\"true\">*<\/span><\/label><input type=\"text\" id=\"wpforms-1620-field_13\" class=\"wpforms-field-medium wpforms-field-required\" name=\"wpforms[fields][13]\" aria-errormessage=\"wpforms-1620-field_13-error\" required><\/div><div id=\"wpforms-1620-field_14-container\" class=\"wpforms-field wpforms-field-name\" data-field-id=\"14\"><label class=\"wpforms-field-label\" for=\"wpforms-1620-field_14\">Podpis <span class=\"wpforms-required-label\" aria-hidden=\"true\">*<\/span><\/label><input type=\"text\" id=\"wpforms-1620-field_14\" class=\"wpforms-field-large wpforms-field-required\" name=\"wpforms[fields][14]\" aria-errormessage=\"wpforms-1620-field_14-error\" required><\/div><div id=\"wpforms-1620-field_15-container\" class=\"wpforms-field wpforms-field-checkbox\" data-field-id=\"15\"><fieldset><legend class=\"wpforms-field-label\">Zaakceptuj regulamin  <span class=\"wpforms-required-label\" aria-hidden=\"true\">*<\/span><\/legend><ul id=\"wpforms-1620-field_15\" class=\"wpforms-field-required\" data-choice-limit=\"1\"><li class=\"choice-1 depth-1\"><input type=\"checkbox\" id=\"wpforms-1620-field_15_1\" data-rule-check-limit=\"true\" name=\"wpforms[fields][15][]\" value=\"Akceptuj\u0119 regulamin\" aria-errormessage=\"wpforms-1620-field_15_1-error\" aria-describedby=\"wpforms-1620-field_15-description\" required ><label class=\"wpforms-field-label-inline\" for=\"wpforms-1620-field_15_1\">Akceptuj\u0119 regulamin<\/label><\/li><\/ul><div id=\"wpforms-1620-field_15-description\" class=\"wpforms-field-description wpforms-disclaimer-description\">REGULAMIN ZLOTU ZABYTKOWYCH POJAZD\u00d3W MARKI CITRO\u00cbN, MIELNO 2026<br \/>\n1. Impreza, zwana dalej Zlotem, organizowana jest przez AMICALE CITRO\u00cbN POLOGNE, zwanym dalej Organizatorem.<br \/>\n2. W Zlocie mog\u0105 bra\u0107 udzia\u0142 wy\u0142\u0105cznie pojazdy marki CITRO\u00cbN wyprodukowane do 31 grudnia 2000 roku, przy czym Organizator<br \/>\nzastrzega sobie prawo do zaproszenia do udzia\u0142u w Zlocie pojazd\u00f3w m\u0142odszych o szczeg\u00f3lnej warto\u015bci historycznej.<br \/>\n3. Organizator przyjmuje zg\u0142oszenia i rejestruje za\u0142ogi najp\u00f3\u017aniej do dnia 5 kwietnia 2026 r. W przypadku nadmiaru zg\u0142osze\u0144<br \/>\npierwsze\u0144stwo przys\u0142uguje za\u0142ogom najstarszych pojazd\u00f3w oraz cz\u0142onkom stowarzyszenia. Organizator gwarantuje w pakiecie<br \/>\nzlotowym okoliczno\u015bciow\u0105 koszulk\u0119 przy zapisach r\u00f3wnie\u017c do 5 kwietnia 2026 r. P\u00f3\u017aniej koszulka b\u0119dzie odp\u0142atna.<br \/>\n4. Wszystkie szkody wynik\u0142e ze startu w Zlocie, tak wobec siebie, swoich pojazd\u00f3w, jak i os\u00f3b trzecich uczestnicy Zlotu zobowi\u0105zani s\u0105<br \/>\npokry\u0107 we w\u0142asnym zakresie.<br \/>\n5. Udzia\u0142 w Zlocie, w przejazdach i paradach nie zwalnia uczestnik\u00f3w od przestrzegania przepis\u00f3w ruchu drogowego z wy\u0142\u0105czeniem<br \/>\nprzejazd\u00f3w z asyst\u0105 policji, maj\u0105cych wp\u0142yw na pierwsze\u0144stwo przejazdu.<br \/>\n6. W czasie Zlotu kierowcy pojazd\u00f3w zobowi\u0105zani s\u0105 do zachowania trze\u017awo\u015bci, a Organizator ma prawo to sprawdzi\u0107 za pomoc\u0105<br \/>\nalkomatu.<br \/>\n7. Uczestnicy s\u0105 zobowi\u0105zani do dozoru nad swym mieniem ruchomym. Organizator nie odpowiada za win\u0119 w nadzorze w przypadku<br \/>\nstrat wywo\u0142anych w wyniku zaniedbania lub lekkomy\u015blno\u015bci uczestnik\u00f3w.<br \/>\n8. Uczestnicy Zlotu nale\u017c\u0105cy do ACP* wp\u0142acaj\u0105 wpisowe w wysoko\u015bci 1000 z\u0142 za ka\u017cd\u0105 osob\u0119 doros\u0142\u0105, dzieci do 8 lat \u2013 700 z\u0142. Osoby<br \/>\nnie nale\u017c\u0105ce do ACP wp\u0142acaj\u0105 1550 z\u0142, dzieci do 8 lat \u2013 1100z\u0142. Ze \u015brodk\u00f3w tych Organizator pokrywa koszt pobytu oraz atrakcje<br \/>\nprzewidziane dla Uczestnik\u00f3w Zlotu, nagrody, tablice rajdowe, gad\u017cety i pakiety startowe.<br \/>\n9. Zamiar przyjechania samochodem innym ni\u017c podany w zg\u0142oszeniu uczestnik jest zobowi\u0105zany zg\u0142osi\u0107 organizatorowi w formie<br \/>\npisemnej niezw\u0142ocznie. Tylko po wyra\u017ceniu zgody przez organizatora uczestnik mo\u017ce zmieni\u0107 zg\u0142oszony pojazd na inny. W<br \/>\nprzypadku przyjechania pojazdem innym ni\u017c zg\u0142oszony i niezg\u0142oszenia tego faktu do organizatora oraz nieotrzymania zgody<br \/>\nuczestnik jest zobowi\u0105zany ponie\u015b\u0107 pe\u0142ne koszty uczestnictwa przedstawione przez organizatora (ok 3500z\u0142 \/ osob\u0119)<br \/>\n10. Za\u0142og\u0119 samochodu uczestnicz\u0105cego w Zlocie stanowi jedna lub dwie osoby. Ka\u017cda dodatkowa osoba mo\u017ce by\u0107 zg\u0142oszona przez<br \/>\nza\u0142og\u0119 do udzia\u0142u w Zlocie za dodatkow\u0105 op\u0142at\u0105 za uczestnictwo oraz koszt zakwaterowania - w miar\u0119 wolnych miejsc.<br \/>\n11. Udzia\u0142 w przeje\u017adzie kolumny samochod\u00f3w zabytkowych jest dobrowolny.<br \/>\n12. Organizator zapewnia ewentualn\u0105 wymagan\u0105 organizacj\u0119 ruchu w asy\u015bcie Policji. Pierwsze\u0144stwo w\u00f3wczas posiadaj\u0105 pojazdy sprzed<br \/>\n1945 roku.<br \/>\n13. Organizator zapewnia mo\u017cliwo\u015b\u0107 uczestnictwa w imprezie firmom, prowadz\u0105cym sprzeda\u017c towar\u00f3w i us\u0142ug zaakceptowanych przez<br \/>\nOrganizatora Zlotu.<br \/>\n14. Organizator zapewnia mo\u017cliwo\u015b\u0107 wymiany marketingowej i reklamowej na podstawie zawieranych odr\u0119bnych um\u00f3w sponsorskich w<br \/>\ncelu pozyskania \u015brodk\u00f3w przeznaczonych na organizacje Zlotu.<br \/>\n15. Uczestnik ma obowi\u0105zek umie\u015bci\u0107 w samochodzie za szyb\u0105 w widocznym miejscu informacje dotycz\u0105ce samochodu na formularzu<br \/>\nwydanym przez organizatora w trakcje rejestracji zlotowej.<br \/>\n16. Uczestnik zlotu ma obowi\u0105zek przez ca\u0142y okres trwania Zlotu nosi\u0107 plakietk\u0119 wydan\u0105 przez organizatora w momencie rejestracji<br \/>\nzlotowej. Za zgubion\u0105 plakietk\u0119 uczestnik poniesie dodatkow\u0105 op\u0142at\u0119 w wysoko\u015bci 100z\u0142.<br \/>\n17. Organizator zastrzega sobie prawo do wykorzystania materia\u0142\u00f3w filmowych i zdj\u0119\u0107 dokumentuj\u0105cych przebieg imprezy z udzia\u0142em<br \/>\nuczestnik\u00f3w i go\u015bci dla cel\u00f3w reklamowych i marketingowych imprezy. Uczestnictwo w Zlocie jest jednoznaczne z wyra\u017ceniem zgody<br \/>\nna wykorzystanie wizerunku uczestnika na potrzeby materia\u0142\u00f3w filmowych i zdj\u0119\u0107 dokumentuj\u0105cych przebieg imprezy dla cel\u00f3w<br \/>\nreklamowych i marketingowych imprezy utrwalonych podczas jej trwania, wykorzystywanych i udost\u0119pnianych w spos\u00f3b komercyjny<br \/>\nw tym na wszelkiego rodzaju no\u015bnikach materialnych (cyfrowych, optycznych itp.) i niematerialnych (transmisja danych).<br \/>\n18. P\u0142atno\u015bci dokonywane na poczet uczestnictwa w Zlocie dokonywane s\u0105 bezpo\u015brednio lub poprzez przelew na numer konta, podany<br \/>\nna ostatnim etapie wype\u0142niania formularza zg\u0142oszeniowego.<br \/>\n19. Mo\u017cliwo\u015b\u0107 zwrotu wpisowego oraz p\u0142atno\u015bci na poczet uczestnictwa w Zlocie bez wskazywania wyra\u017anej przyczyny istnieje na pro\u015bb\u0119<br \/>\nwp\u0142acaj\u0105cego w ci\u0105gu 14 dni od daty dokonania p\u0142atno\u015bci, nie p\u00f3\u017aniej jednak ni\u017c do dnia 30 kwietnia 2026r<br \/>\n20. Podstawy prawne gromadzenia, przetwarzania i wykorzystywania danych osobowych: AMICALE CITRO\u00cbN POLOGNE przetwarza<br \/>\ndane osobowe i wra\u017cliwe w oparciu o obowi\u0105zuj\u0105ce przepisy prawa, w tym: Ustaw\u0119 z dnia 29 sierpnia 1997 r. o ochronie danych<br \/>\nosobowych (Dz. U. 2002 r. Nr 101 poz. 926 \u2013 tekst jednolity) Rozporz\u0105dzenie Ministra Spraw Wewn\u0119trznych i Administracji z dnia<br \/>\n29 kwietnia 2004 r. w sprawie dokumentacji przetwarzania danych osobowych oraz warunk\u00f3w technicznych i organizacyjnych, jakim<br \/>\npowinny odpowiada\u0107 urz\u0105dzenia i systemy informatyczne s\u0142u\u017c\u0105ce do przetwarzania danych osobowych (Dz. U. z dnia 1 maja 2004<br \/>\nr.).<br \/>\n21. Wszelkie kwestie nieuregulowane niniejszym regulaminem rozstrzyga Zarz\u0105d Stowarzyszenia.<br \/>\n*Cz\u0142onkiem ACP jest osoba, kt\u00f3ra na dzie\u0144 otwarcia zapis\u00f3w na zlot z\u0142o\u017cy\u0142a deklaracj\u0119 cz\u0142onkowsk\u0105 oraz ma uregulowane bie\u017c\u0105ce sk\u0142adki<br \/>\ncz\u0142onkowskie<\/div><\/fieldset><\/div><\/div><!-- .wpforms-field-container --><div class=\"wpforms-submit-container\" ><input type=\"hidden\" name=\"wpforms[id]\" value=\"1620\"><input type=\"hidden\" name=\"page_title\" value=\"\"><input type=\"hidden\" name=\"page_url\" value=\"https:\/\/amicale-citroen-pologne.org\/index.php?rest_route=\/wp\/v2\/pages\/1835\"><input type=\"hidden\" name=\"url_referer\" value=\"\"><button type=\"submit\" name=\"wpforms[submit]\" id=\"wpforms-submit-1620\" class=\"wpforms-submit\" data-alt-text=\"Wysy\u0142anie...\" data-submit-text=\"Prze\u015blij\" aria-live=\"assertive\" value=\"wpforms-submit\">Prze\u015blij<\/button><img loading=\"lazy\" decoding=\"async\" src=\"https:\/\/amicale-citroen-pologne.org\/wp-content\/plugins\/wpforms-lite\/assets\/images\/submit-spin.svg\" class=\"wpforms-submit-spinner\" style=\"display: none;\" width=\"26\" height=\"26\" alt=\"Wczytywanie\"><\/div><\/form><\/div>  <!-- .wpforms-container -->\n\n\n\n<p><\/p>\n","protected":false},"excerpt":{"rendered":"<p>VI Rendez Vous \u2013 Zlot Klasycznych Citro\u00ebn\u00f3w Uwaga mi\u0142o\u015bnicy hydropneumatyki, chrom\u00f3w i francuskiej finezji!&nbsp; Pakujcie berety, grzejcie polerki i najlepsze historie z trasy \u2013 przed nami najbardziej \u201eOdLOTowe\u201d spotkanie roku! &#8230;<\/p>\n","protected":false},"author":1,"featured_media":1830,"parent":0,"menu_order":0,"comment_status":"closed","ping_status":"closed","template":"","meta":{"footnotes":""},"class_list":["post-1835","page","type-page","status-publish","has-post-thumbnail","hentry"],"aioseo_notices":[],"_links":{"self":[{"href":"https:\/\/amicale-citroen-pologne.org\/index.php?rest_route=\/wp\/v2\/pages\/1835"}],"collection":[{"href":"https:\/\/amicale-citroen-pologne.org\/index.php?rest_route=\/wp\/v2\/pages"}],"about":[{"href":"https:\/\/amicale-citroen-pologne.org\/index.php?rest_route=\/wp\/v2\/types\/page"}],"author":[{"embeddable":true,"href":"https:\/\/amicale-citroen-pologne.org\/index.php?rest_route=\/wp\/v2\/users\/1"}],"replies":[{"embeddable":true,"href":"https:\/\/amicale-citroen-pologne.org\/index.php?rest_route=%2Fwp%2Fv2%2Fcomments&post=1835"}],"version-history":[{"count":17,"href":"https:\/\/amicale-citroen-pologne.org\/index.php?rest_route=\/wp\/v2\/pages\/1835\/revisions"}],"predecessor-version":[{"id":1918,"href":"https:\/\/amicale-citroen-pologne.org\/index.php?rest_route=\/wp\/v2\/pages\/1835\/revisions\/1918"}],"wp:featuredmedia":[{"embeddable":true,"href":"https:\/\/amicale-citroen-pologne.org\/index.php?rest_route=\/wp\/v2\/media\/1830"}],"wp:attachment":[{"href":"https:\/\/amicale-citroen-pologne.org\/index.php?rest_route=%2Fwp%2Fv2%2Fmedia&parent=1835"}],"curies":[{"name":"wp","href":"https:\/\/api.w.org\/{rel}","templated":true}]}}